{"id":5993,"date":"2019-03-12T13:48:25","date_gmt":"2019-03-12T13:48:25","guid":{"rendered":"http:\/\/new.hotel-am-duesseldorfer-platz.de\/?page_id=5993"},"modified":"2022-08-31T13:26:10","modified_gmt":"2022-08-31T13:26:10","slug":"impressum-rechtliches","status":"publish","type":"page","link":"https:\/\/hotel-am-duesseldorfer-platz.de\/en\/homepage\/impressum-rechtliches\/","title":{"rendered":"imprint &amp; data protection"},"content":{"rendered":"<div id=\"pl-5993\"  class=\"panel-layout\" ><div id=\"pg-5993-0\"  class=\"panel-grid panel-no-style\" ><div id=\"pgc-5993-0-0\"  class=\"panel-grid-cell panel-grid-cell-empty\" ><\/div><\/div><div id=\"pg-5993-1\"  class=\"panel-grid panel-no-style\" ><div id=\"pgc-5993-1-0\"  class=\"panel-grid-cell\" ><div id=\"panel-5993-1-0-0\" class=\"so-panel widget widget_sow-editor panel-first-child panel-last-child\" data-index=\"0\" ><div\n\t\t\t\n\t\t\tclass=\"so-widget-sow-editor so-widget-sow-editor-base\"\n\t\t\t\n\t\t>\n<div class=\"siteorigin-widget-tinymce textwidget\">\n\t<h1>Impressum<\/h1>\n<p><strong>Angaben gem\u00e4\u00df \u00a7 5 TMG:<\/strong><\/p>\n<p>Hotel am D\u00fcsseldorfer Platz<br \/>\nInhaber: Christine Rogall<\/p>\n<p>D\u00fcsseldorfer Platz 1-3 |\u00a0D \u2013 40878 Ratingen<\/p>\n<p><strong>Kontakt:<\/strong><\/p>\n<p>Fon: +49 (0) 2102 \u2013 20 18 0 |\u00a0Fax: +49 (0) 2102 \u2013 20 18 50<\/p>\n<p>Mail: info@hotel-am-duesseldorfer-platz.de<\/p>\n<p>Web: www.hotel-am-duesseldorfer-platz.de<\/p>\n<p><strong>Umsatzsteuer:<\/strong><\/p>\n<p>Umsatzsteuer-Identifikationsnummer gem\u00e4\u00df \u00a727 a<\/p>\n<p>Ust-IdNr.: DE 169585718<\/p>\n<p><strong>Bildnachweis:\u00a0<\/strong>Hotel am D\u00fcsseldorfer Platz<\/p>\n<p><strong>Streitschlichtung:<\/strong><\/p>\n<p>Die Europ\u00e4ische Kommission stellt eine Plattform zur Online-Streitbeilegung (OS) bereit: \u00a0<a href=\"https:\/\/ec.europa.eu\/consumers\/odr\" target=\"_blank\" rel=\"noopener\">https:\/\/ec.europa.eu\/consumers\/odr<\/a>.<br \/>\nUnsere E-Mail-Adresse finden Sie oben im Impressum.<\/p>\n<p>Wir sind nicht bereit oder verpflichtet, an Streitbeilegungsverfahren vor einer Verbraucherschlichtungsstelle teilzunehmen.<\/p>\n<p><b>Aufsichtsbeh\u00f6rde:<\/b><\/p>\n<p>Ordnungsamt Ratingen<\/p>\n<p><b>Inhaltlich Verantwortlicher<br \/>\n(gem. \u00a7 55 Abs. 2 RStV):<\/b><br \/>\nChristine Rogall<\/p>\n<\/div>\n<\/div><\/div><\/div><div id=\"pgc-5993-1-1\"  class=\"panel-grid-cell\" ><div id=\"panel-5993-1-1-0\" class=\"so-panel widget widget_sow-editor panel-first-child panel-last-child\" data-index=\"1\" ><div\n\t\t\t\n\t\t\tclass=\"so-widget-sow-editor so-widget-sow-editor-base\"\n\t\t\t\n\t\t>\n<div class=\"siteorigin-widget-tinymce textwidget\">\n\t<h1>Haftungsausschluss<\/h1>\n<p class=\"smallprint\"><strong>Inhalt des Onlineangebotes<\/strong><\/p>\n<p class=\"smallprint\">Der Autor \u00fcbernimmt keinerlei Gew\u00e4hr f\u00fcr die Aktualit\u00e4t, Korrektheit, Vollst\u00e4ndigkeit oder Qualit\u00e4t der bereitgestellten Informationen. Haftungsanspr\u00fcche gegen den Autor, welche sich auf Sch\u00e4den materieller oder ideeller Art beziehen, die durch die Nutzung oder Nichtnutzung der dargebotenen Informationen bzw. durch die Nutzung fehlerhafter und unvollst\u00e4ndiger Informationen verursacht wurden, sind grunds\u00e4tzlich ausgeschlossen, sofern seitens des Autors kein nachweislich vors\u00e4tzliches oder grob fahrl\u00e4ssiges Verschulden vorliegt.<br \/>\nAlle Angebote sind freibleibend und unverbindlich. Der Autor beh\u00e4lt es sich ausdr\u00fccklich vor, Teile der Seiten oder das gesamte Angebot ohne gesonderte Ank\u00fcndigung zu ver\u00e4ndern, zu erg\u00e4nzen, zu l\u00f6schen oder die Ver\u00f6ffentlichung zeitweise oder endg\u00fcltig einzustellen.<\/p>\n<p class=\"smallprint\"><strong>Verweise und Links<\/strong><\/p>\n<p class=\"smallprint\">Bei direkten oder indirekten Verweisen auf fremde Webseiten (\"Hyperlinks\"), die au\u00dferhalb des Verantwortungsbereiches des Autors liegen, w\u00fcrde eine Haftungsverpflichtung ausschlie\u00dflich in dem Fall in Kraft treten, in dem der Autor von den Inhalten Kenntnis hat und es ihm technisch m\u00f6glich und zumutbar w\u00e4re, die Nutzung im Falle rechtswidriger Inhalte zu verhindern.<br \/>\nDer Autor erkl\u00e4rt hiermit ausdr\u00fccklich, dass zum Zeitpunkt der Linksetzung keine illegalen Inhalte auf den zu verlinkenden Seiten erkennbar waren. Auf die aktuelle und zuk\u00fcnftige Gestaltung, die Inhalte oder die Urheberschaft der verlinkten\/verkn\u00fcpften Seiten hat der Autor keinerlei Einfluss. Deshalb distanziert er sich hiermit ausdr\u00fccklich von allen Inhalten aller verlinkten \/verkn\u00fcpften Seiten, die nach der Linksetzung ver\u00e4ndert wurden. Diese Feststellung gilt f\u00fcr alle innerhalb des eigenen Internetangebotes gesetzten Links und Verweise sowie f\u00fcr Fremdeintr\u00e4ge in vom Autor eingerichteten G\u00e4steb\u00fcchern, Diskussionsforen, Linkverzeichnissen, Mailinglisten und in allen anderen Formen von Datenbanken, auf deren Inhalt externe Schreibzugriffe m\u00f6glich sind. F\u00fcr illegale, fehlerhafte oder unvollst\u00e4ndige Inhalte und insbesondere f\u00fcr Sch\u00e4den, die aus der Nutzung oder Nichtnutzung solcherart dargebotener Informationen entstehen, haftet allein der Anbieter der Seite, auf welche verwiesen wurde, nicht derjenige, der \u00fcber Links auf die jeweilige Ver\u00f6ffentlichung lediglich verweist.<\/p>\n<p class=\"smallprint\"><strong>Urheber- und Kennzeichenrecht<\/strong><\/p>\n<p class=\"smallprint\">Der Autor ist bestrebt, in allen Publikationen die Urheberrechte der verwendeten Bilder, Grafiken, Tondokumente, Videosequenzen und Texte zu beachten, von ihm selbst erstellte Bilder, Grafiken, Tondokumente, Videosequenzen und Texte zu nutzen oder auf lizenzfreie Grafiken, Tondokumente, Videosequenzen und Texte zur\u00fcckzugreifen.<br \/>\nAlle innerhalb des Internetangebotes genannten und ggf. durch Dritte gesch\u00fctzten Marken- und Warenzeichen unterliegen uneingeschr\u00e4nkt den Bestimmungen des jeweils g\u00fcltigen Kennzeichenrechts und den Besitzrechten der jeweiligen eingetragenen Eigent\u00fcmer. Allein aufgrund der blo\u00dfen Nennung ist nicht der Schluss zu ziehen, dass Markenzeichen nicht durch Rechte Dritter gesch\u00fctzt sind!<br \/>\nDas Copyright f\u00fcr ver\u00f6ffentlichte, vom Autor selbst erstellte Objekte bleibt allein beim Autor der Seiten. Eine Vervielf\u00e4ltigung oder Verwendung solcher Grafiken, Tondokumente, Videosequenzen und Texte in anderen elektronischen oder gedruckten Publikationen ist ohne ausdr\u00fcckliche Zustimmung des Autors nicht gestattet.<\/p>\n<p class=\"smallprint\"><strong>Rechtswirksamkeit dieses Haftungsausschlusses<\/strong><\/p>\n<p class=\"smallprint\">Dieser Haftungsausschluss ist als Teil des Internetangebotes zu betrachten, von dem aus auf diese Seite verwiesen wurde. Sofern Teile oder einzelne Formulierungen dieses Textes der geltenden Rechtslage nicht, nicht mehr oder nicht vollst\u00e4ndig entsprechen sollten, bleiben die \u00fcbrigen Teile des Dokumentes in ihrem Inhalt und ihrer G\u00fcltigkeit davon unber\u00fchrt.<\/p>\n<p class=\"smallprint\">\n<\/div>\n<\/div><\/div><\/div><\/div><div id=\"pg-5993-2\"  class=\"panel-grid panel-no-style\" ><div id=\"pgc-5993-2-0\"  class=\"panel-grid-cell\" ><div id=\"panel-5993-2-0-0\" class=\"so-panel widget widget_sow-editor panel-first-child panel-last-child\" data-index=\"2\" ><div id=\"datenschutz\" class=\"panel-widget-style panel-widget-style-for-5993-2-0-0\" ><div\n\t\t\t\n\t\t\tclass=\"so-widget-sow-editor so-widget-sow-editor-base\"\n\t\t\t\n\t\t>\n<div class=\"siteorigin-widget-tinymce textwidget\">\n\t<h1><strong>data protection<\/strong><\/h1>\n<p><strong>Das Hotel am D\u00fcsseldorfer Platz<\/strong>\u00a0<strong>respektiert Ihre Privatsph\u00e4re<\/strong><\/p>\n<p>Der Schutz Ihrer Privatsph\u00e4re bei der Verarbeitung pers\u00f6nlicher Daten sowie die Sicherheit aller Gesch\u00e4ftsdaten ist uns ein wichtiges Anliegen, das wir in unseren Gesch\u00e4ftsprozessen ber\u00fccksichtigen. Wir verarbeiten pers\u00f6nliche Daten, die bei Ihrem Besuch unserer Webseiten erhoben werden, vertraulich und nur gem\u00e4\u00df den gesetzlichen Bestimmungen.\u00a0Datenschutz und Informationssicherheit sind Bestandteil unserer Unternehmenspolitik.<\/p>\n<p><strong>Erhebung und Verarbeitung pers\u00f6nlicher Daten<\/strong><\/p>\n<p>Das Hotel am D\u00fcsseldorfer Platz verwendet aktive Komponenten (z.B. JAVA Script), um Pr\u00e4ferenzen der Besucher zu verfolgen und die Webseiten optimal gestalten zu k\u00f6nnen. Weitere pers\u00f6nliche Daten werden nur dann gespeichert, wenn Sie uns diese von sich aus, z.B. im Rahmen einer Registrierung, einer Umfrage, oder zur Durchf\u00fchrung eines Vertrages angeben.<\/p>\n<p><strong>Nutzung und Weitergabe pers\u00f6nlicher<\/strong>\u00a0<strong>Daten und Zweckbindung<\/strong><\/p>\n<p>Das Hotel am D\u00fcsseldorfer Platz nutzt Ihre pers\u00f6nlichen Daten zu Zwecken der technischen Administration der Webseiten, zur Kundenverwaltung, f\u00fcr Produktumfragen und f\u00fcr das Marketing nur im jeweils daf\u00fcr erforderlichen Umfang. Ohne Ihre Einwilligung geben wir Ihre Daten nicht an Dritte au\u00dferhalb des Hotel am D\u00fcsseldorfer Platz weiter.<\/p>\n<p><strong>Sicherheit<\/strong><\/p>\n<p>Das Hotel am D\u00fcsseldorfer Platz trifft Sicherheitsvorkehrungen, um Ihre durch uns verwalteten Daten gegen Manipulation, Verlust, Zerst\u00f6rung oder gegen Zugriff unberechtigter Personen oder unberechtigte Offenlegung zu sch\u00fctzen. Unsere Sicherheitsma\u00dfnahmen werden entsprechend der technologischen Entwicklung st\u00e4ndig verbessert.<\/p>\n<p><strong>Wahlm\u00f6glichkeit<\/strong><\/p>\n<p>Wir m\u00f6chten Ihre Daten auch dazu nutzen, Sie \u00fcber unsere Produkte und Dienstleistungen informieren zu k\u00f6nnen und Sie gegebenenfalls hier\u00fcber zu befragen. Selbstverst\u00e4ndlich ist die Teilnahme an solchen Aktionen freiwillig. Falls Sie hiermit nicht einverstanden sein sollten, k\u00f6nnen Sie uns dies jederzeit mitteilen, damit wir die Daten entsprechend sperren k\u00f6nnen.<\/p>\n<p><strong>contact<\/strong><\/p>\n<p>F\u00fcr Anregungen und Beschwerden bzgl. der Verarbeitung Ihrer pers\u00f6nlichen Daten, k\u00f6nnen Sie sich jederzeit an uns wenden.\u00a0Sollten trotz unserer Bem\u00fchungen um Datenrichtigkeit falsche Informationen gespeichert sein, werden wir diese auf Ihre Aufforderung hin berichtigen.<\/p>\n<p><strong>Cookies<\/strong><\/p>\n<p>Diese Website verwendet m\u00f6glicherweise \u201eCookies\u201c. Cookies erm\u00f6glichen das Nutzen der Kontakt- und Buchungsformulare auf unserer Website auf personalisierte und individuelle Art und Weise. Cookies sagen uns, welche Bereiche unserer Websites die Benutzer besucht haben, helfen uns, die Wirksamkeit von Websuchen zu messen, und geben uns Einblicke in das Benutzerverhalten (z.B. Google Analytics), sodass wir die Kommunikation und unser Angebot optimieren k\u00f6nnen.<\/p>\n<p><strong>Datenschutzerkl\u00e4rung f\u00fcr die Nutzung von Google Analytics<\/strong><\/p>\n<p>Diese Website benutzt Google Analytics, einen Webanalysedienst der Google Inc. (\u201cGoogle\u201d). Google Analytics verwendet sog. \u201cCookies\u201d, Textdateien, die auf Ihrem Computer gespeichert werden und die eine Analyse der Benutzung der Website durch Sie erm\u00f6glichen. Die durch den Cookie erzeugten Informationen \u00fcber Ihre Benutzung dieser Website werden in der Regel an einen Server von Google in den USA \u00fcbertragen und dort gespeichert. Im Falle der Aktivierung der IP-Anonymisierung auf dieser Webseite wird Ihre IP-Adresse von Google jedoch innerhalb von Mitgliedstaaten der Europ\u00e4ischen Union oder in anderen Vertragsstaaten des Abkommens \u00fcber den Europ\u00e4ischen Wirtschaftsraum zuvor gek\u00fcrzt.<\/p>\n<p>Nur in Ausnahmef\u00e4llen wird die volle IP-Adresse an einen Server von Google in den USA \u00fcbertragen und dort gek\u00fcrzt. Im Auftrag des Betreibers dieser Website wird Google diese Informationen benutzen, um Ihre Nutzung der Website auszuwerten, um Reports \u00fcber die Websiteaktivit\u00e4ten zusammenzustellen und um weitere mit der Websitenutzung und der Internetnutzung verbundene Dienstleistungen gegen\u00fcber dem Websitebetreiber zu erbringen. Die im Rahmen von Google Analytics von Ihrem Browser \u00fcbermittelte IP-Adresse wird nicht mit anderen Daten von Google zusammengef\u00fchrt.<\/p>\n<p>Sie k\u00f6nnen die Speicherung der Cookies durch eine entsprechende Einstellung Ihrer Browser-Software verhindern; wir weisen Sie jedoch darauf hin, dass Sie in diesem Fall gegebenenfalls nicht s\u00e4mtliche Funktionen dieser Website vollumf\u00e4nglich werden nutzen k\u00f6nnen. Sie k\u00f6nnen dar\u00fcber hinaus die Erfassung der durch das Cookie erzeugten und auf Ihre Nutzung der Website bezogenen Daten (inkl. Ihrer IP-Adresse) an Google sowie die Verarbeitung dieser Daten durch Google verhindern, indem sie das unter dem folgenden Link verf\u00fcgbare Browser-Plugin herunterladen und installieren:\u00a0<a href=\"http:\/\/tools.google.com\/dlpage\/gaoptout?hl=de\">http:\/\/tools.google.com\/dlpage\/gaoptout?hl=de<\/a>.<\/p>\n<p><strong>Verarbeiten von Daten (Kunden- und Vertragsdaten)<\/strong><\/p>\n<p>Wir erheben, verarbeiten und nutzen personenbezogene Daten nur, soweit sie f\u00fcr die Begr\u00fcndung, inhaltliche Ausgestaltung oder \u00c4nderung des Rechtsverh\u00e4ltnisses erforderlich sind (Bestandsdaten). Dies erfolgt auf Grundlage von Art. 6 Abs. 1 lit. b DSGVO, der die Verarbeitung von Daten zur Erf\u00fcllung eines Vertrags oder vorvertraglicher Ma\u00dfnahmen gestattet. Personenbezogene Daten \u00fcber die Inanspruchnahme unserer Internetseiten (Nutzungsdaten) erheben, verarbeiten und nutzen wir nur, soweit dies erforderlich ist, um dem Nutzer die Inanspruchnahme des Dienstes zu erm\u00f6glichen oder abzurechnen.<\/p>\n<p>Die erhobenen Kundendaten werden nach Abschluss des Auftrags oder Beendigung der Gesch\u00e4ftsbeziehung gel\u00f6scht. Gesetzliche Aufbewahrungsfristen bleiben unber\u00fchrt.<\/p>\n<p><strong>Google Maps<\/strong><\/p>\n<p>Diese Seite nutzt \u00fcber eine API den Kartendienst Google Maps. Anbieter ist die Google Inc., 1600 Amphitheatre Parkway, Mountain View, CA 94043, USA.<\/p>\n<p>Zur Nutzung der Funktionen von Google Maps ist es notwendig, Ihre IP Adresse zu speichern. Diese Informationen werden in der Regel an einen Server von Google in den USA \u00fcbertragen und dort gespeichert. Der Anbieter dieser Seite hat keinen Einfluss auf diese Daten\u00fcbertragung.<\/p>\n<p>Die Nutzung von Google Maps erfolgt im Interesse einer ansprechenden Darstellung unserer Online-Angebote und an einer leichten Auffindbarkeit der von uns auf der Website angegebenen Orte. Dies stellt ein berechtigtes Interesse im Sinne von Art. 6 Abs. 1 lit. f DSGVO dar.<\/p>\n<p>Mehr Informationen zum Umgang mit Nutzerdaten finden Sie in der Datenschutzerkl\u00e4rung von Google:\u00a0<a href=\"https:\/\/www.google.de\/intl\/de\/policies\/privacy\/\">https:\/\/www.google.de\/intl\/de\/policies\/privacy\/<\/a>.<\/p>\n<p><strong>Kontaktformular<\/strong><\/p>\n<p>Wenn Sie uns per Kontaktformular Anfragen zukommen lassen, werden Ihre Angaben aus dem Anfrageformular inklusive der von Ihnen dort angegebenen Kontaktdaten zwecks Bearbeitung der Anfrage und f\u00fcr den Fall von Anschlussfragen bei uns gespeichert. Diese Daten geben wir nicht ohne Ihre Einwilligung weiter.<\/p>\n<p>Die Verarbeitung der in das Kontaktformular eingegebenen Daten erfolgt somit ausschlie\u00dflich auf Grundlage Ihrer Einwilligung (Art. 6 Abs. 1 lit. a DSGVO). Sie k\u00f6nnen diese Einwilligung jederzeit widerrufen. Dazu reicht eine formlose Mitteilung per E-Mail an uns. Die Rechtm\u00e4\u00dfigkeit der bis zum Widerruf erfolgten Datenverarbeitungsvorg\u00e4nge bleibt vom Widerruf unber\u00fchrt.<\/p>\n<p>Die von Ihnen im Kontaktformular eingegebenen Daten verbleiben bei uns, bis Sie uns zur L\u00f6schung auffordern, Ihre Einwilligung zur Speicherung widerrufen oder der Zweck f\u00fcr die Datenspeicherung entf\u00e4llt (z.B. nach abgeschlossener Bearbeitung Ihrer Anfrage). Zwingende gesetzliche Bestimmungen \u2013 insbesondere Aufbewahrungsfristen \u2013 bleiben unber\u00fchrt.<\/p>\n<p>&nbsp;<\/p>\n<p><strong>Verwendung des Onlinebuchungstools DIRS21 der TourOnline AG<\/strong><\/p>\n<p>Unsere Onlinepr\u00e4senz verwendet zur Erm\u00f6glichung der Onlinebuchungen von Unterkunftsleistungen und sonstigen Reiseleistungen,\u00a0sowie zur Abwicklungen von Anfragen das Onlinebuchungstool DIRS21 (nachfolgend \u201eOBT\u201c) der Firma<\/p>\n<p>TourOnline AG<br \/>\nBorsigstra\u00dfe 26<br \/>\n73249 Wernau, Deutschland (<a href=\"http:\/\/www.dirs21.de\/\" target=\"_blank\" rel=\"noopener\">www.dirs21.de<\/a>, nachfolgend \u201eTOAG\u201c).<\/p>\n<p>Im Rahmen des OBT verarbeitet die TOAG die Daten als Verantwortlicher.<br \/>\nDie Hinweise und Bestimmungen zum Datenschutz finden Sie in der Datenschutzerkl\u00e4rung der TOAG zum OBT, welche Sie jederzeit aus dem OBT heraus aufrufen k\u00f6nnen oder unter <a href=\"http:\/\/www.dirs21.de\/datenschutz\" target=\"_blank\" rel=\"noopener\">http:\/\/www.dirs21.de\/datenschutz<\/a> einsehen k\u00f6nnen.<\/p>\n<\/div>\n<\/div><\/div><\/div><\/div><\/div><div id=\"pg-5993-3\"  class=\"panel-grid panel-no-style\" ><div id=\"pgc-5993-3-0\"  class=\"panel-grid-cell panel-grid-cell-empty\" ><\/div><\/div><\/div>","protected":false},"excerpt":{"rendered":"<p>Impressum Angaben gem\u00e4\u00df \u00a7 5 TMG: Hotel am D\u00fcsseldorfer Platz Inhaber: Christine Rogall D\u00fcsseldorfer Platz 1-3 |\u00a0D \u2013 40878 Ratingen Kontakt: Fon: +49 (0) 2102 \u2013 20 18 0 |\u00a0Fax: +49 (0) 2102 \u2013 20 18 50 Mail: info@hotel-am-duesseldorfer-platz.de Web: www.hotel-am-duesseldorfer-platz.de Umsatzsteuer: Umsatzsteuer-Identifikationsnummer gem\u00e4\u00df \u00a727 a Ust-IdNr.: DE 169585718 Bildnachweis:\u00a0Hotel am D\u00fcsseldorfer Platz Streitschlichtung: Die [&hellip;]<\/p>","protected":false},"author":2,"featured_media":0,"parent":5929,"menu_order":0,"comment_status":"closed","ping_status":"closed","template":"","meta":{"_acf_changed":false,"footnotes":""},"class_list":["post-5993","page","type-page","status-publish","hentry","post"],"acf":[],"yoast_head":"<!-- This site is optimized with the Yoast SEO plugin v26.6 - https:\/\/yoast.com\/wordpress\/plugins\/seo\/ -->\n<title>Impressum &amp; Rechtliches - Hotel am D\u00fcsseldorfer Platz<\/title>\n<meta name=\"robots\" content=\"index, follow, max-snippet:-1, max-image-preview:large, max-video-preview:-1\" \/>\n<link rel=\"canonical\" href=\"https:\/\/hotel-am-duesseldorfer-platz.de\/en\/homepage\/impressum-rechtliches\/\" \/>\n<meta property=\"og:locale\" content=\"en_GB\" \/>\n<meta property=\"og:type\" content=\"article\" \/>\n<meta property=\"og:title\" content=\"Impressum &amp; Rechtliches - Hotel am D\u00fcsseldorfer Platz\" \/>\n<meta property=\"og:description\" content=\"Impressum Angaben gem\u00e4\u00df \u00a7 5 TMG: Hotel am D\u00fcsseldorfer Platz Inhaber: Christine Rogall D\u00fcsseldorfer Platz 1-3 |\u00a0D \u2013 40878 Ratingen Kontakt: Fon: +49 (0) 2102 \u2013 20 18 0 |\u00a0Fax: +49 (0) 2102 \u2013 20 18 50 Mail: info@hotel-am-duesseldorfer-platz.de Web: www.hotel-am-duesseldorfer-platz.de Umsatzsteuer: Umsatzsteuer-Identifikationsnummer gem\u00e4\u00df \u00a727 a Ust-IdNr.: DE 169585718 Bildnachweis:\u00a0Hotel am D\u00fcsseldorfer Platz Streitschlichtung: Die [&hellip;]\" \/>\n<meta property=\"og:url\" content=\"https:\/\/hotel-am-duesseldorfer-platz.de\/en\/homepage\/impressum-rechtliches\/\" \/>\n<meta property=\"og:site_name\" content=\"Hotel am D\u00fcsseldorfer Platz\" \/>\n<meta property=\"article:modified_time\" content=\"2022-08-31T13:26:10+00:00\" \/>\n<meta name=\"twitter:card\" content=\"summary_large_image\" \/>\n<meta name=\"twitter:label1\" content=\"Estimated reading time\" \/>\n\t<meta name=\"twitter:data1\" content=\"10 minutes\" \/>\n<script type=\"application\/ld+json\" class=\"yoast-schema-graph\">{\"@context\":\"https:\/\/schema.org\",\"@graph\":[{\"@type\":\"WebPage\",\"@id\":\"https:\/\/hotel-am-duesseldorfer-platz.de\/homepage\/impressum-rechtliches\/\",\"url\":\"https:\/\/hotel-am-duesseldorfer-platz.de\/homepage\/impressum-rechtliches\/\",\"name\":\"Impressum & Rechtliches - Hotel am D\u00fcsseldorfer Platz\",\"isPartOf\":{\"@id\":\"https:\/\/hotel-am-duesseldorfer-platz.de\/#website\"},\"datePublished\":\"2019-03-12T13:48:25+00:00\",\"dateModified\":\"2022-08-31T13:26:10+00:00\",\"breadcrumb\":{\"@id\":\"https:\/\/hotel-am-duesseldorfer-platz.de\/homepage\/impressum-rechtliches\/#breadcrumb\"},\"inLanguage\":\"en-GB\",\"potentialAction\":[{\"@type\":\"ReadAction\",\"target\":[\"https:\/\/hotel-am-duesseldorfer-platz.de\/homepage\/impressum-rechtliches\/\"]}]},{\"@type\":\"BreadcrumbList\",\"@id\":\"https:\/\/hotel-am-duesseldorfer-platz.de\/homepage\/impressum-rechtliches\/#breadcrumb\",\"itemListElement\":[{\"@type\":\"ListItem\",\"position\":1,\"name\":\"Startseite\",\"item\":\"https:\/\/hotel-am-duesseldorfer-platz.de\/\"},{\"@type\":\"ListItem\",\"position\":2,\"name\":\"Hotel am D\u00fcsseldorfer Platz\",\"item\":\"https:\/\/hotel-am-duesseldorfer-platz.de\/\"},{\"@type\":\"ListItem\",\"position\":3,\"name\":\"Impressum &#038; Rechtliches\"}]},{\"@type\":\"WebSite\",\"@id\":\"https:\/\/hotel-am-duesseldorfer-platz.de\/#website\",\"url\":\"https:\/\/hotel-am-duesseldorfer-platz.de\/\",\"name\":\"Hotel am D\u00fcsseldorfer Platz\",\"description\":\"Ihr Stadthotel in Ratingen\",\"publisher\":{\"@id\":\"https:\/\/hotel-am-duesseldorfer-platz.de\/#organization\"},\"potentialAction\":[{\"@type\":\"SearchAction\",\"target\":{\"@type\":\"EntryPoint\",\"urlTemplate\":\"https:\/\/hotel-am-duesseldorfer-platz.de\/?s={search_term_string}\"},\"query-input\":{\"@type\":\"PropertyValueSpecification\",\"valueRequired\":true,\"valueName\":\"search_term_string\"}}],\"inLanguage\":\"en-GB\"},{\"@type\":\"Organization\",\"@id\":\"https:\/\/hotel-am-duesseldorfer-platz.de\/#organization\",\"name\":\"Hotel am D\u00fcsseldorfer Platz\",\"url\":\"https:\/\/hotel-am-duesseldorfer-platz.de\/\",\"logo\":{\"@type\":\"ImageObject\",\"inLanguage\":\"en-GB\",\"@id\":\"https:\/\/hotel-am-duesseldorfer-platz.de\/#\/schema\/logo\/image\/\",\"url\":\"https:\/\/hotel-am-duesseldorfer-platz.de\/wp-content\/uploads\/2019\/03\/batch_Logo_D.png\",\"contentUrl\":\"https:\/\/hotel-am-duesseldorfer-platz.de\/wp-content\/uploads\/2019\/03\/batch_Logo_D.png\",\"width\":2080,\"height\":1270,\"caption\":\"Hotel am D\u00fcsseldorfer Platz\"},\"image\":{\"@id\":\"https:\/\/hotel-am-duesseldorfer-platz.de\/#\/schema\/logo\/image\/\"}}]}<\/script>\n<!-- \/ Yoast SEO plugin. -->","yoast_head_json":{"title":"Impressum & Rechtliches - Hotel am D\u00fcsseldorfer Platz","robots":{"index":"index","follow":"follow","max-snippet":"max-snippet:-1","max-image-preview":"max-image-preview:large","max-video-preview":"max-video-preview:-1"},"canonical":"https:\/\/hotel-am-duesseldorfer-platz.de\/en\/homepage\/impressum-rechtliches\/","og_locale":"en_GB","og_type":"article","og_title":"Impressum & Rechtliches - Hotel am D\u00fcsseldorfer Platz","og_description":"Impressum Angaben gem\u00e4\u00df \u00a7 5 TMG: Hotel am D\u00fcsseldorfer Platz Inhaber: Christine Rogall D\u00fcsseldorfer Platz 1-3 |\u00a0D \u2013 40878 Ratingen Kontakt: Fon: +49 (0) 2102 \u2013 20 18 0 |\u00a0Fax: +49 (0) 2102 \u2013 20 18 50 Mail: info@hotel-am-duesseldorfer-platz.de Web: www.hotel-am-duesseldorfer-platz.de Umsatzsteuer: Umsatzsteuer-Identifikationsnummer gem\u00e4\u00df \u00a727 a Ust-IdNr.: DE 169585718 Bildnachweis:\u00a0Hotel am D\u00fcsseldorfer Platz Streitschlichtung: Die [&hellip;]","og_url":"https:\/\/hotel-am-duesseldorfer-platz.de\/en\/homepage\/impressum-rechtliches\/","og_site_name":"Hotel am D\u00fcsseldorfer Platz","article_modified_time":"2022-08-31T13:26:10+00:00","twitter_card":"summary_large_image","twitter_misc":{"Estimated reading time":"10 minutes"},"schema":{"@context":"https:\/\/schema.org","@graph":[{"@type":"WebPage","@id":"https:\/\/hotel-am-duesseldorfer-platz.de\/homepage\/impressum-rechtliches\/","url":"https:\/\/hotel-am-duesseldorfer-platz.de\/homepage\/impressum-rechtliches\/","name":"Impressum & Rechtliches - Hotel am D\u00fcsseldorfer Platz","isPartOf":{"@id":"https:\/\/hotel-am-duesseldorfer-platz.de\/#website"},"datePublished":"2019-03-12T13:48:25+00:00","dateModified":"2022-08-31T13:26:10+00:00","breadcrumb":{"@id":"https:\/\/hotel-am-duesseldorfer-platz.de\/homepage\/impressum-rechtliches\/#breadcrumb"},"inLanguage":"en-GB","potentialAction":[{"@type":"ReadAction","target":["https:\/\/hotel-am-duesseldorfer-platz.de\/homepage\/impressum-rechtliches\/"]}]},{"@type":"BreadcrumbList","@id":"https:\/\/hotel-am-duesseldorfer-platz.de\/homepage\/impressum-rechtliches\/#breadcrumb","itemListElement":[{"@type":"ListItem","position":1,"name":"Startseite","item":"https:\/\/hotel-am-duesseldorfer-platz.de\/"},{"@type":"ListItem","position":2,"name":"Hotel am D\u00fcsseldorfer Platz","item":"https:\/\/hotel-am-duesseldorfer-platz.de\/"},{"@type":"ListItem","position":3,"name":"Impressum &#038; Rechtliches"}]},{"@type":"WebSite","@id":"https:\/\/hotel-am-duesseldorfer-platz.de\/#website","url":"https:\/\/hotel-am-duesseldorfer-platz.de\/","name":"Hotel am D\u00fcsseldorfer Platz","description":"Ihr Stadthotel in Ratingen","publisher":{"@id":"https:\/\/hotel-am-duesseldorfer-platz.de\/#organization"},"potentialAction":[{"@type":"SearchAction","target":{"@type":"EntryPoint","urlTemplate":"https:\/\/hotel-am-duesseldorfer-platz.de\/?s={search_term_string}"},"query-input":{"@type":"PropertyValueSpecification","valueRequired":true,"valueName":"search_term_string"}}],"inLanguage":"en-GB"},{"@type":"Organization","@id":"https:\/\/hotel-am-duesseldorfer-platz.de\/#organization","name":"Hotel am D\u00fcsseldorfer Platz","url":"https:\/\/hotel-am-duesseldorfer-platz.de\/","logo":{"@type":"ImageObject","inLanguage":"en-GB","@id":"https:\/\/hotel-am-duesseldorfer-platz.de\/#\/schema\/logo\/image\/","url":"https:\/\/hotel-am-duesseldorfer-platz.de\/wp-content\/uploads\/2019\/03\/batch_Logo_D.png","contentUrl":"https:\/\/hotel-am-duesseldorfer-platz.de\/wp-content\/uploads\/2019\/03\/batch_Logo_D.png","width":2080,"height":1270,"caption":"Hotel am D\u00fcsseldorfer Platz"},"image":{"@id":"https:\/\/hotel-am-duesseldorfer-platz.de\/#\/schema\/logo\/image\/"}}]}},"_links":{"self":[{"href":"https:\/\/hotel-am-duesseldorfer-platz.de\/en\/wp-json\/wp\/v2\/pages\/5993","targetHints":{"allow":["GET"]}}],"collection":[{"href":"https:\/\/hotel-am-duesseldorfer-platz.de\/en\/wp-json\/wp\/v2\/pages"}],"about":[{"href":"https:\/\/hotel-am-duesseldorfer-platz.de\/en\/wp-json\/wp\/v2\/types\/page"}],"author":[{"embeddable":true,"href":"https:\/\/hotel-am-duesseldorfer-platz.de\/en\/wp-json\/wp\/v2\/users\/2"}],"replies":[{"embeddable":true,"href":"https:\/\/hotel-am-duesseldorfer-platz.de\/en\/wp-json\/wp\/v2\/comments?post=5993"}],"version-history":[{"count":8,"href":"https:\/\/hotel-am-duesseldorfer-platz.de\/en\/wp-json\/wp\/v2\/pages\/5993\/revisions"}],"predecessor-version":[{"id":6502,"href":"https:\/\/hotel-am-duesseldorfer-platz.de\/en\/wp-json\/wp\/v2\/pages\/5993\/revisions\/6502"}],"up":[{"embeddable":true,"href":"https:\/\/hotel-am-duesseldorfer-platz.de\/en\/wp-json\/wp\/v2\/pages\/5929"}],"wp:attachment":[{"href":"https:\/\/hotel-am-duesseldorfer-platz.de\/en\/wp-json\/wp\/v2\/media?parent=5993"}],"curies":[{"name":"wp","href":"https:\/\/api.w.org\/{rel}","templated":true}]}}